{"id":709,"date":"2020-04-02T10:26:53","date_gmt":"2020-04-02T09:26:53","guid":{"rendered":"https:\/\/suelosdealmeria.com\/es\/?page_id=709"},"modified":"2024-02-07T11:17:57","modified_gmt":"2024-02-07T10:17:57","slug":"condiciones-de-compra","status":"publish","type":"page","link":"https:\/\/suelosdealmeria.com\/es\/condiciones-de-compra\/","title":{"rendered":"Condiciones de compra"},"content":{"rendered":"\n<h2 class=\"wp-block-heading\"><strong>COMPRA<\/strong><\/h2>\n\n\n\n<p>En <a href=\"https:\/\/suelosdealmeria.com\/es\/\">www.suelosdealmeria.com<\/a> queremos hacer la compra muy f\u00e1cil, puedes comprar sin tener que registrarte, eso si, nos tendr\u00e1s que facilitar algunos datos rellenando un formulario para poder envi\u00e1rtelo. Tambi\u00e9n puedes registrarte como cliente y s\u00f3lo necesitar\u00e1s el email y la contrase\u00f1a. Ser\u00e1 m\u00e1s c\u00f3modo para futuras compras.<\/p>\n\n\n\n<h2 class=\"wp-block-heading\"><strong>ENV\u00cdO<\/strong><\/h2>\n\n\n\n<p>El tiempo estimado de la preparaci\u00f3n del pedido ser\u00e1 de 2 a 5 d\u00edas naturales, el tiempo depender\u00e1 de si tenemos en stock la joya (que es lo habitual) nuestros clientes deben tener en cuenta el car\u00e1cter artesanal de nuestras joyas.<\/p>\n\n\n\n<p>El pedido se entrega en la direcci\u00f3n que prefieras, siempre que est\u00e9 en Espa\u00f1a pen\u00ednsula. En <a href=\"https:\/\/suelosdealmeria.com\/es\/\">www.suelosdealmeria.com<\/a> queremos que tu pedido llegue lo m\u00e1s r\u00e1pido posible, te encuentres d\u00f3nde te encuentres.<\/p>\n\n\n\n<blockquote class=\"wp-block-quote is-style-large is-layout-flow wp-block-quote-is-layout-flow\">\n<p>El env\u00edo certificado normal ser\u00e1 gratis para pedidos a partir de 40\u20ac.<\/p>\n<\/blockquote>\n\n\n\n<p>Si el env\u00edo no supera 40\u20ac, los gastos de env\u00edo certificado ser\u00e1n de 6\u20ac para el conjunto del pedido (tarifa plana).<\/p>\n\n\n\n<p>Hacemos los env\u00edos a trav\u00e9s de Correos de forma certificada normal, el tiempo estimado para la pen\u00ednsula es de 2-3 d\u00edas laborables.<\/p>\n\n\n\n<p><\/p>\n\n\n\n<h4 class=\"wp-block-heading\"><em><strong>\u00bfC\u00f3mo puedo saber d\u00f3nde est\u00e1 mi Joya durante el env\u00edo?<\/strong><\/em><\/h4>\n\n\n\n<p>\u00a1Tranquilo porque todo lo vas a tener bajo control! Cuando tu pedido est\u00e9 listo recibir\u00e1s un email con un enlace que te llevar\u00e1 a la web de la empresa de mensajer\u00eda, desde donde podr\u00e1s seguir tu pedido en todo momento.<\/p>\n\n\n\n<h2 class=\"wp-block-heading\"><strong>GARANT\u00cdA<\/strong><\/h2>\n\n\n\n<p>La garant\u00eda cubre el primer a\u00f1o de vida del producto, pero si hay alg\u00fan problema, os pon\u00e9is en contacto en&nbsp;<a href=\"mailto:info@suelosdealmeria.com\">info@suelosdealmeria.com<\/a>&nbsp;y lo solucionaremos.<\/p>\n\n\n\n<h2 class=\"wp-block-heading\"><strong>DEVOLUCIONES<\/strong><\/h2>\n\n\n\n<h4 class=\"wp-block-heading\">\u00bfSe puede devolver un art\u00edculo?<\/h4>\n\n\n\n<p>Claro que s\u00ed. Si no es lo que esperabas se puede devolver sin problemas.<\/p>\n\n\n\n<p>Tienes <strong>7 d\u00edas naturales<\/strong> para hacer la devoluci\u00f3n <strong>desde la fecha de recepci\u00f3n del pedido<\/strong>.<\/p>\n\n\n\n<p><a href=\"https:\/\/suelosdealmeria.com\/es\/\">www.suelosdealmeria.com<\/a> <strong>no se hace cargo de los gastos de la devoluci\u00f3n<\/strong>. Para mas informaci\u00f3n, s\u00f3lo tienes que mandar un email a&nbsp;<a href=\"mailto:info@suelosdealmeria.com\">info@suelosdealmeria.com<\/a>&nbsp;y nos podremos en contacto contigo.<\/p>\n\n\n\n<h2 class=\"wp-block-heading\"><strong>PAGO<\/strong><\/h2>\n\n\n\n<h4 class=\"wp-block-heading\">\u00bf<em><strong>Puedo pagar a contrarrembolso?<\/strong><\/em><\/h4>\n\n\n\n<p>Nuestras formas de pago son <strong>tarjeta de cr\u00e9dito o d\u00e9bito<\/strong>, <strong><a href=\"https:\/\/www.paypal.com\/es\/home\">Paypal<\/a><\/strong>, <strong><a href=\"https:\/\/bizum.es\/\">Bizum<\/a><\/strong>, ya que son las formas m\u00e1s seguras, tambi\u00e9n aceptamos pago mediante <strong>transferencia bancaria<\/strong>, en este caso, hasta que no se reciba la transferencia, no saldr\u00e1 el producto del taller.<\/p>\n\n\n\n<h4 class=\"wp-block-heading\"><em><strong>\u00bfC\u00f3mo puedo asegurarme de haber realizado bien mi compra?<\/strong><\/em><\/h4>\n\n\n\n<p>Comprueba en tu bandeja de entrada que te ha llegado un email confirmando tu pedido en <a href=\"https:\/\/suelosdealmeria.com\/es\/\">www.suelosdealmeria.com<\/a>. En caso de que no lo tengas, revisa que no est\u00e9 en la bandeja de<strong> SPAM<\/strong> o ponte en contacto con nosotros a trav\u00e9s de <a href=\"mailto:info@suelosdealmeria.com\">info@suelosdealmeria.com<\/a>&nbsp;.<\/p>\n\n\n\n<hr class=\"wp-block-separator has-css-opacity\"\/>\n\n\n\n<p><\/p>\n","protected":false},"excerpt":{"rendered":"<p>COMPRA En www.suelosdealmeria.com queremos hacer la compra muy f\u00e1cil, puedes comprar sin tener que registrarte, eso si, nos tendr\u00e1s que facilitar algunos datos rellenando un formulario para poder envi\u00e1rtelo. Tambi\u00e9n puedes registrarte como cliente y s\u00f3lo necesitar\u00e1s el email y la contrase\u00f1a. Ser\u00e1 m\u00e1s c\u00f3modo para futuras compras. ENV\u00cdO El tiempo estimado de la preparaci\u00f3n&hellip; <\/p>\n","protected":false},"author":1,"featured_media":0,"parent":0,"menu_order":0,"comment_status":"closed","ping_status":"closed","template":"","meta":{"footnotes":""},"class_list":["post-709","page","type-page","status-publish","hentry"],"_links":{"self":[{"href":"https:\/\/suelosdealmeria.com\/es\/wp-json\/wp\/v2\/pages\/709","targetHints":{"allow":["GET"]}}],"collection":[{"href":"https:\/\/suelosdealmeria.com\/es\/wp-json\/wp\/v2\/pages"}],"about":[{"href":"https:\/\/suelosdealmeria.com\/es\/wp-json\/wp\/v2\/types\/page"}],"author":[{"embeddable":true,"href":"https:\/\/suelosdealmeria.com\/es\/wp-json\/wp\/v2\/users\/1"}],"replies":[{"embeddable":true,"href":"https:\/\/suelosdealmeria.com\/es\/wp-json\/wp\/v2\/comments?post=709"}],"version-history":[{"count":7,"href":"https:\/\/suelosdealmeria.com\/es\/wp-json\/wp\/v2\/pages\/709\/revisions"}],"predecessor-version":[{"id":2451,"href":"https:\/\/suelosdealmeria.com\/es\/wp-json\/wp\/v2\/pages\/709\/revisions\/2451"}],"wp:attachment":[{"href":"https:\/\/suelosdealmeria.com\/es\/wp-json\/wp\/v2\/media?parent=709"}],"curies":[{"name":"wp","href":"https:\/\/api.w.org\/{rel}","templated":true}]}}