{"id":1039,"date":"2020-04-16T16:52:25","date_gmt":"2020-04-16T15:52:25","guid":{"rendered":"https:\/\/suelosdealmeria.com\/es\/?post_type=product&#038;p=1039"},"modified":"2023-02-08T17:55:39","modified_gmt":"2023-02-08T16:55:39","slug":"pendientes-dona-pakyta-mod-dpp005","status":"publish","type":"product","link":"https:\/\/suelosdealmeria.com\/es\/producto\/pendientes-dona-pakyta-mod-dpp005\/","title":{"rendered":"Pendientes Do\u00f1a Pakyta mod.DPp005"},"content":{"rendered":"","protected":false},"excerpt":{"rendered":"<p>Pendientes de bot\u00f3n con las baldosas hidr\u00e1ulicas de <strong>Do\u00f1a Pakyta<\/strong>, fabricado en acero inoxidable, un material que no produce alergia y nunca pierde el brillo, se puede mojar.<\/p>\n<p>El di\u00e1metro de los pendientes de bot\u00f3n es 1,3 cm.<\/p>\n<p><strong>Colecci\u00f3n<\/strong>: Do\u00f1a Pakyta.<\/p>\n<p><strong>Material<\/strong>: Acero inoxidable, no produce alergia ni pierde el color.<\/p>\n<p><strong>Medida<\/strong>: Di\u00e1metro de 1,3 cm.<\/p>\n","protected":false},"featured_media":1231,"template":"","meta":[],"product_brand":[],"product_cat":[29,46],"product_tag":[57],"class_list":{"0":"post-1039","1":"product","2":"type-product","3":"status-publish","4":"has-post-thumbnail","6":"product_cat-dona-pakyta","7":"product_cat-pendientes","8":"product_tag-acero-inoxidable","10":"first","11":"instock","12":"taxable","13":"shipping-taxable","14":"purchasable","15":"product-type-simple"},"_links":{"self":[{"href":"https:\/\/suelosdealmeria.com\/es\/wp-json\/wp\/v2\/product\/1039","targetHints":{"allow":["GET"]}}],"collection":[{"href":"https:\/\/suelosdealmeria.com\/es\/wp-json\/wp\/v2\/product"}],"about":[{"href":"https:\/\/suelosdealmeria.com\/es\/wp-json\/wp\/v2\/types\/product"}],"wp:featuredmedia":[{"embeddable":true,"href":"https:\/\/suelosdealmeria.com\/es\/wp-json\/wp\/v2\/media\/1231"}],"wp:attachment":[{"href":"https:\/\/suelosdealmeria.com\/es\/wp-json\/wp\/v2\/media?parent=1039"}],"wp:term":[{"taxonomy":"product_brand","embeddable":true,"href":"https:\/\/suelosdealmeria.com\/es\/wp-json\/wp\/v2\/product_brand?post=1039"},{"taxonomy":"product_cat","embeddable":true,"href":"https:\/\/suelosdealmeria.com\/es\/wp-json\/wp\/v2\/product_cat?post=1039"},{"taxonomy":"product_tag","embeddable":true,"href":"https:\/\/suelosdealmeria.com\/es\/wp-json\/wp\/v2\/product_tag?post=1039"}],"curies":[{"name":"wp","href":"https:\/\/api.w.org\/{rel}","templated":true}]}}