{"id":1759,"date":"2021-03-11T13:05:45","date_gmt":"2021-03-11T12:05:45","guid":{"rendered":"https:\/\/suelosdealmeria.com\/es\/?post_type=product&#038;p=1759"},"modified":"2023-02-08T18:42:37","modified_gmt":"2023-02-08T17:42:37","slug":"gemelos-dona-pakyta-mod-dpg002","status":"publish","type":"product","link":"https:\/\/suelosdealmeria.com\/es\/producto\/gemelos-dona-pakyta-mod-dpg002\/","title":{"rendered":"Gemelos Do\u00f1a Pakyta mod.DPg002"},"content":{"rendered":"<p>Gemelos con las baldosas hidr\u00e1ulicas de <strong>Do\u00f1a Pakyta<\/strong>, fabricado en acero inoxidable, un material que no produce alergia y nunca pierde el brillo, se puede mojar.<\/p>\n<p>&nbsp;<\/p>\n<p><strong>Colecci\u00f3n<\/strong>: Do\u00f1a Pakyta.<\/p>\n<p><strong>Material<\/strong>: Acero inoxidable, no produce alergia ni pierde el color.<\/p>\n<p><strong>Medida<\/strong>: 2 cm de largo y 1,6 cm de ancho.<\/p>\n","protected":false},"excerpt":{"rendered":"<p>Gemelos con las baldosas hidr\u00e1ulicas de Do\u00f1a Pakyta, fabricado en acero inoxidable, un material que no produce alergia y nunca pierde el brillo, se puede mojar. &nbsp; Colecci\u00f3n: Do\u00f1a Pakyta. Material: Acero inoxidable, no produce alergia ni pierde el color. Medida: 2 cm de largo y 1,6 cm de ancho.<\/p>\n","protected":false},"featured_media":1888,"template":"","meta":[],"product_brand":[],"product_cat":[29,86],"product_tag":[57,87],"class_list":{"0":"post-1759","1":"product","2":"type-product","3":"status-publish","4":"has-post-thumbnail","6":"product_cat-dona-pakyta","7":"product_cat-gemelos","8":"product_tag-acero-inoxidable","9":"product_tag-gemelos-dona-pakyta","11":"first","12":"instock","13":"taxable","14":"shipping-taxable","15":"purchasable","16":"product-type-simple"},"_links":{"self":[{"href":"https:\/\/suelosdealmeria.com\/es\/wp-json\/wp\/v2\/product\/1759","targetHints":{"allow":["GET"]}}],"collection":[{"href":"https:\/\/suelosdealmeria.com\/es\/wp-json\/wp\/v2\/product"}],"about":[{"href":"https:\/\/suelosdealmeria.com\/es\/wp-json\/wp\/v2\/types\/product"}],"wp:featuredmedia":[{"embeddable":true,"href":"https:\/\/suelosdealmeria.com\/es\/wp-json\/wp\/v2\/media\/1888"}],"wp:attachment":[{"href":"https:\/\/suelosdealmeria.com\/es\/wp-json\/wp\/v2\/media?parent=1759"}],"wp:term":[{"taxonomy":"product_brand","embeddable":true,"href":"https:\/\/suelosdealmeria.com\/es\/wp-json\/wp\/v2\/product_brand?post=1759"},{"taxonomy":"product_cat","embeddable":true,"href":"https:\/\/suelosdealmeria.com\/es\/wp-json\/wp\/v2\/product_cat?post=1759"},{"taxonomy":"product_tag","embeddable":true,"href":"https:\/\/suelosdealmeria.com\/es\/wp-json\/wp\/v2\/product_tag?post=1759"}],"curies":[{"name":"wp","href":"https:\/\/api.w.org\/{rel}","templated":true}]}}