{"id":1930,"date":"2021-04-04T13:01:31","date_gmt":"2021-04-04T12:01:31","guid":{"rendered":"https:\/\/suelosdealmeria.com\/es\/?post_type=product&#038;p=1930"},"modified":"2023-02-08T16:07:24","modified_gmt":"2023-02-08T15:07:24","slug":"collar-dona-pakyta-mod-dpc007","status":"publish","type":"product","link":"https:\/\/suelosdealmeria.com\/es\/producto\/collar-dona-pakyta-mod-dpc007\/","title":{"rendered":"Collar Do\u00f1a Pakyta mod.DPc007"},"content":{"rendered":"","protected":false},"excerpt":{"rendered":"<p>Collar con las baldosa hidr\u00e1ulica de <strong>Do\u00f1a Pakyta<\/strong>, fabricado en acero inoxidable, un material que no produce alergia y nunca pierde el brillo, se puede mojar.<\/p>\n<p>La longitud del collar es de 45 cm.<\/p>\n<p><strong>Colecci\u00f3n<\/strong>: Do\u00f1a Pakyta.<\/p>\n<p><strong>Material<\/strong>: Acero inoxidable, no produce alergia ni pierde el color.<\/p>\n<p><strong>Longitud<\/strong>: 45 cm.<\/p>\n","protected":false},"featured_media":1932,"template":"","meta":[],"product_brand":[],"product_cat":[29,47],"product_tag":[57,88],"class_list":{"0":"post-1930","1":"product","2":"type-product","3":"status-publish","4":"has-post-thumbnail","6":"product_cat-dona-pakyta","7":"product_cat-collares","8":"product_tag-acero-inoxidable","9":"product_tag-collares-dona-pakyta","11":"first","12":"instock","13":"taxable","14":"shipping-taxable","15":"purchasable","16":"product-type-simple"},"_links":{"self":[{"href":"https:\/\/suelosdealmeria.com\/es\/wp-json\/wp\/v2\/product\/1930","targetHints":{"allow":["GET"]}}],"collection":[{"href":"https:\/\/suelosdealmeria.com\/es\/wp-json\/wp\/v2\/product"}],"about":[{"href":"https:\/\/suelosdealmeria.com\/es\/wp-json\/wp\/v2\/types\/product"}],"wp:featuredmedia":[{"embeddable":true,"href":"https:\/\/suelosdealmeria.com\/es\/wp-json\/wp\/v2\/media\/1932"}],"wp:attachment":[{"href":"https:\/\/suelosdealmeria.com\/es\/wp-json\/wp\/v2\/media?parent=1930"}],"wp:term":[{"taxonomy":"product_brand","embeddable":true,"href":"https:\/\/suelosdealmeria.com\/es\/wp-json\/wp\/v2\/product_brand?post=1930"},{"taxonomy":"product_cat","embeddable":true,"href":"https:\/\/suelosdealmeria.com\/es\/wp-json\/wp\/v2\/product_cat?post=1930"},{"taxonomy":"product_tag","embeddable":true,"href":"https:\/\/suelosdealmeria.com\/es\/wp-json\/wp\/v2\/product_tag?post=1930"}],"curies":[{"name":"wp","href":"https:\/\/api.w.org\/{rel}","templated":true}]}}