{"id":2565,"date":"2024-04-11T16:16:14","date_gmt":"2024-04-11T15:16:14","guid":{"rendered":"https:\/\/suelosdealmeria.com\/es\/?post_type=product&#038;p=2565"},"modified":"2024-04-11T16:16:45","modified_gmt":"2024-04-11T15:16:45","slug":"gemelos-coleccion-yacimiento-barrio-andalusi-mod-bag001","status":"publish","type":"product","link":"https:\/\/suelosdealmeria.com\/es\/producto\/gemelos-coleccion-yacimiento-barrio-andalusi-mod-bag001\/","title":{"rendered":"Gemelos Colecci\u00f3n Yacimiento Barrio Andalus\u00ed mod.BAg001"},"content":{"rendered":"","protected":false},"excerpt":{"rendered":"<p>Gemelos con detalle de azulejo colecci\u00f3n Yacimiento Barrio Andalus\u00ed de Almer\u00eda.<\/p>\n<p>Fabricado en acero inoxidable, un material que no produce alergia y nunca pierde el brillo, se puede mojar.<\/p>\n<p><strong>Colecci\u00f3n<\/strong>: Yacimiento Barrio Andalus\u00ed<\/p>\n<p><strong>Material<\/strong>: Acero inoxidable, no produce alergia ni pierde el color.<\/p>\n<p><strong>Medida<\/strong>: 2 cm de largo y 1,6 cm de ancho.<\/p>\n","protected":false},"featured_media":2527,"template":"","meta":[],"product_brand":[],"product_cat":[135,86],"product_tag":[57,136],"class_list":{"0":"post-2565","1":"product","2":"type-product","3":"status-publish","4":"has-post-thumbnail","6":"product_cat-coleccion-barrio-andalusi","7":"product_cat-gemelos","8":"product_tag-acero-inoxidable","9":"product_tag-yacimiento-barrio-andalusi","11":"first","12":"instock","13":"taxable","14":"shipping-taxable","15":"purchasable","16":"product-type-simple"},"_links":{"self":[{"href":"https:\/\/suelosdealmeria.com\/es\/wp-json\/wp\/v2\/product\/2565","targetHints":{"allow":["GET"]}}],"collection":[{"href":"https:\/\/suelosdealmeria.com\/es\/wp-json\/wp\/v2\/product"}],"about":[{"href":"https:\/\/suelosdealmeria.com\/es\/wp-json\/wp\/v2\/types\/product"}],"wp:featuredmedia":[{"embeddable":true,"href":"https:\/\/suelosdealmeria.com\/es\/wp-json\/wp\/v2\/media\/2527"}],"wp:attachment":[{"href":"https:\/\/suelosdealmeria.com\/es\/wp-json\/wp\/v2\/media?parent=2565"}],"wp:term":[{"taxonomy":"product_brand","embeddable":true,"href":"https:\/\/suelosdealmeria.com\/es\/wp-json\/wp\/v2\/product_brand?post=2565"},{"taxonomy":"product_cat","embeddable":true,"href":"https:\/\/suelosdealmeria.com\/es\/wp-json\/wp\/v2\/product_cat?post=2565"},{"taxonomy":"product_tag","embeddable":true,"href":"https:\/\/suelosdealmeria.com\/es\/wp-json\/wp\/v2\/product_tag?post=2565"}],"curies":[{"name":"wp","href":"https:\/\/api.w.org\/{rel}","templated":true}]}}